{"id":953,"date":"2024-02-15T11:49:38","date_gmt":"2024-02-15T10:49:38","guid":{"rendered":"https:\/\/weberestates.com\/?page_id=953"},"modified":"2025-02-05T11:36:23","modified_gmt":"2025-02-05T10:36:23","slug":"new-developments","status":"publish","type":"page","link":"https:\/\/weberestates.com\/en\/nybyg\/","title":{"rendered":"New developments"},"content":{"rendered":"\t\t<div data-elementor-type=\"wp-page\" data-elementor-id=\"953\" class=\"elementor elementor-953\" data-elementor-post-type=\"page\">\n\t\t\t\t<div class=\"elementor-element elementor-element-e91a560 e-flex e-con-boxed elementor-invisible e-con e-parent\" data-id=\"e91a560\" data-element_type=\"container\" data-e-type=\"container\" data-settings=\"{&quot;animation&quot;:&quot;fadeIn&quot;}\">\n\t\t\t\t\t<div class=\"e-con-inner\">\n\t\t<div class=\"elementor-element elementor-element-029850c e-con-full e-flex e-con e-child\" data-id=\"029850c\" data-element_type=\"container\" data-e-type=\"container\">\n\t\t<div class=\"elementor-element elementor-element-11eb497 e-con-full e-flex e-con e-child\" data-id=\"11eb497\" data-element_type=\"container\" data-e-type=\"container\">\n\t\t\t\t<div class=\"elementor-element elementor-element-1f6e403 elementor-widget__width-inherit elementor-widget elementor-widget-heading\" data-id=\"1f6e403\" data-element_type=\"widget\" data-e-type=\"widget\" data-widget_type=\"heading.default\">\n\t\t\t\t<div class=\"elementor-widget-container\">\n\t\t\t\t\t<span class=\"elementor-heading-title elementor-size-default\">WEBER ESTATES<\/span>\t\t\t\t<\/div>\n\t\t\t\t<\/div>\n\t\t\t\t<div class=\"elementor-element elementor-element-88bcefd elementor-widget__width-inherit elementor-widget elementor-widget-heading\" data-id=\"88bcefd\" data-element_type=\"widget\" data-e-type=\"widget\" data-widget_type=\"heading.default\">\n\t\t\t\t<div class=\"elementor-widget-container\">\n\t\t\t\t\t<h1 class=\"elementor-heading-title elementor-size-default\">NYBYG P\u00c5 COSTA DEL SOL<\/h1>\t\t\t\t<\/div>\n\t\t\t\t<\/div>\n\t\t\t\t<div class=\"elementor-element elementor-element-bbdb4be metrisch elementor-widget elementor-widget-text-editor\" data-id=\"bbdb4be\" data-element_type=\"widget\" data-e-type=\"widget\" data-widget_type=\"text-editor.default\">\n\t\t\t\t<div class=\"elementor-widget-container\">\n\t\t\t\t\t\t\t\t\t<p>Weber Estates Projekt- og Nybyg sektionen giver dig adgang til en h\u00e5ndplukket samling af nybyggeri til salg i Malaga provinsen, p\u00e5 Costa del Sol. Vi tilbyder et udvalg af nybyggede villaer og lejligheder beliggende i nogle af de mest eftertragtede omr\u00e5der p\u00e5 Costa del Sol. Nogle af boligerne er allerede f\u00e6rdige og klar til indflytning, mens andre er off-plan ferielejligheder og huse til salg p\u00e5 Costa del Sol, hvilket giver dygtige investorer mulighed for at k\u00f8be boliger, inden byggeriet starter, for at opn\u00e5 st\u00f8rre afkast.<\/p><p>Vores professionelle og meget erfarne team af ejendomsm\u00e6glere kan hj\u00e6lpe med at finde dit dr\u00f8mmehjem, din nye feriebolig eller en investeringsejendom. Uanset om du leder efter nye lejligheder til salg i Marbella eller nybyg i Mijas Costa, s\u00e5 kan vi hj\u00e6lpe.<\/p>\t\t\t\t\t\t\t\t<\/div>\n\t\t\t\t<\/div>\n\t\t\t\t<div class=\"elementor-element elementor-element-21163ac elementor-widget-divider--view-line elementor-widget elementor-widget-divider\" data-id=\"21163ac\" data-element_type=\"widget\" data-e-type=\"widget\" data-widget_type=\"divider.default\">\n\t\t\t\t<div class=\"elementor-widget-container\">\n\t\t\t\t\t\t\t<div class=\"elementor-divider\">\n\t\t\t<span class=\"elementor-divider-separator\">\n\t\t\t\t\t\t<\/span>\n\t\t<\/div>\n\t\t\t\t\t\t<\/div>\n\t\t\t\t<\/div>\n\t\t\t\t<\/div>\n\t\t\t\t<\/div>\n\t\t<div class=\"elementor-element elementor-element-7080fc7 e-con-full e-flex e-con e-child\" data-id=\"7080fc7\" data-element_type=\"container\" data-e-type=\"container\" data-settings=\"{&quot;background_background&quot;:&quot;classic&quot;}\">\n\t\t\t\t<div class=\"elementor-element elementor-element-eeb89b6 e-transform elementor-widget elementor-widget-image\" data-id=\"eeb89b6\" data-element_type=\"widget\" data-e-type=\"widget\" data-settings=\"{&quot;_transform_scale_effect&quot;:{&quot;unit&quot;:&quot;px&quot;,&quot;size&quot;:0,&quot;sizes&quot;:[]},&quot;_transform_scale_effect_tablet_extra&quot;:{&quot;unit&quot;:&quot;px&quot;,&quot;size&quot;:&quot;&quot;,&quot;sizes&quot;:[]},&quot;_transform_scale_effect_tablet&quot;:{&quot;unit&quot;:&quot;px&quot;,&quot;size&quot;:&quot;&quot;,&quot;sizes&quot;:[]},&quot;_transform_scale_effect_mobile_extra&quot;:{&quot;unit&quot;:&quot;px&quot;,&quot;size&quot;:&quot;&quot;,&quot;sizes&quot;:[]},&quot;_transform_scale_effect_mobile&quot;:{&quot;unit&quot;:&quot;px&quot;,&quot;size&quot;:&quot;&quot;,&quot;sizes&quot;:[]}}\" data-widget_type=\"image.default\">\n\t\t\t\t<div class=\"elementor-widget-container\">\n\t\t\t\t\t\t\t\t\t\t\t\t\t\t\t<img loading=\"lazy\" decoding=\"async\" width=\"150\" height=\"150\" src=\"https:\/\/weberestates.com\/wp-content\/uploads\/2023\/12\/shutterstock_1818540647-1-150x150.jpg\" class=\"attachment-thumbnail size-thumbnail wp-image-368\" alt=\"Brunt tr\u00e6k\u00f8kken med koge\u00f8 Marbella ejendom - Weber Estates\" \/>\t\t\t\t\t\t\t\t\t\t\t\t\t\t\t<\/div>\n\t\t\t\t<\/div>\n\t\t\t\t<\/div>\n\t\t\t\t\t<\/div>\n\t\t\t\t<\/div>\n\t\t<div class=\"elementor-element elementor-element-3509d2e e-flex e-con-boxed elementor-invisible e-con e-parent\" data-id=\"3509d2e\" data-element_type=\"container\" data-e-type=\"container\" data-settings=\"{&quot;animation&quot;:&quot;fadeIn&quot;}\">\n\t\t\t\t\t<div class=\"e-con-inner\">\n\t\t\t\t<div class=\"elementor-element elementor-element-fefbb98 elementor-widget__width-inherit elementor-widget elementor-widget-heading\" data-id=\"fefbb98\" data-element_type=\"widget\" data-e-type=\"widget\" data-widget_type=\"heading.default\">\n\t\t\t\t<div class=\"elementor-widget-container\">\n\t\t\t\t\t<h2 class=\"elementor-heading-title elementor-size-default\">LEDER DU EFTER NYBYG?<\/h2>\t\t\t\t<\/div>\n\t\t\t\t<\/div>\n\t\t\t\t<div class=\"elementor-element elementor-element-516df4f metrisch elementor-widget-tablet__width-initial elementor-widget__width-initial elementor-widget elementor-widget-text-editor\" data-id=\"516df4f\" data-element_type=\"widget\" data-e-type=\"widget\" data-widget_type=\"text-editor.default\">\n\t\t\t\t<div class=\"elementor-widget-container\">\n\t\t\t\t\t\t\t\t\t<p>Start din s\u00f8gning. Se vores udvalg af nybyggeri til salg p\u00e5 Costa del Sol. <\/p>\t\t\t\t\t\t\t\t<\/div>\n\t\t\t\t<\/div>\n\t\t\t\t<div class=\"elementor-element elementor-element-05cbe5e elementor-widget elementor-widget-shortcode\" data-id=\"05cbe5e\" data-element_type=\"widget\" data-e-type=\"widget\" data-widget_type=\"shortcode.default\">\n\t\t\t\t<div class=\"elementor-widget-container\">\n\t\t\t\t\t\t\t<div class=\"elementor-shortcode\">[featured_properties]<\/div>\n\t\t\t\t\t\t<\/div>\n\t\t\t\t<\/div>\n\t\t\t\t<div class=\"elementor-element elementor-element-ef64515 elementor-align-center metrisch elementor-widget elementor-widget-button\" data-id=\"ef64515\" data-element_type=\"widget\" data-e-type=\"widget\" data-widget_type=\"button.default\">\n\t\t\t\t<div class=\"elementor-widget-container\">\n\t\t\t\t\t\t\t\t\t<div class=\"elementor-button-wrapper\">\n\t\t\t\t\t<a class=\"elementor-button elementor-button-link elementor-size-sm\" href=\"https:\/\/weberestates.com\/boliger?beds=&#038;max=90000000&#038;min=0&#038;newdevs=only&#038;ref=\">\n\t\t\t\t\t\t<span class=\"elementor-button-content-wrapper\">\n\t\t\t\t\t\t\t\t\t<span class=\"elementor-button-text\">SE MERE<\/span>\n\t\t\t\t\t<\/span>\n\t\t\t\t\t<\/a>\n\t\t\t\t<\/div>\n\t\t\t\t\t\t\t\t<\/div>\n\t\t\t\t<\/div>\n\t\t\t\t\t<\/div>\n\t\t\t\t<\/div>\n\t\t<div class=\"elementor-element elementor-element-f119cfe e-con-full e-flex e-con e-parent\" data-id=\"f119cfe\" data-element_type=\"container\" data-e-type=\"container\">\n\t\t\t\t<div class=\"elementor-element elementor-element-06135be elementor-widget elementor-widget-shortcode\" data-id=\"06135be\" data-element_type=\"widget\" data-e-type=\"widget\" data-widget_type=\"shortcode.default\">\n\t\t\t\t<div class=\"elementor-widget-container\">\n\t\t\t\t\t\t\t<div class=\"elementor-shortcode\">\t\t<div data-elementor-type=\"container\" data-elementor-id=\"306\" class=\"elementor elementor-306\" data-elementor-post-type=\"elementor_library\">\n\t\t\t\t<div class=\"elementor-element elementor-element-65153942 e-flex e-con-boxed elementor-invisible e-con e-parent\" data-id=\"65153942\" data-element_type=\"container\" data-e-type=\"container\" data-settings=\"{&quot;animation&quot;:&quot;fadeIn&quot;}\">\n\t\t\t\t\t<div class=\"e-con-inner\">\n\t\t\t\t<div class=\"elementor-element elementor-element-0c02229 elementor-widget elementor-widget-image\" data-id=\"0c02229\" data-element_type=\"widget\" data-e-type=\"widget\" data-widget_type=\"image.default\">\n\t\t\t\t<div class=\"elementor-widget-container\">\n\t\t\t\t\t\t\t\t\t\t\t\t\t\t\t<img decoding=\"async\" src=\"https:\/\/weberestates.com\/wp-content\/uploads\/2023\/12\/Weber_Estates-logo_color.svg\" class=\"attachment-full size-full wp-image-333\" alt=\"Weber Estates horizontal logo - Weber Estates\" \/>\t\t\t\t\t\t\t\t\t\t\t\t\t\t\t<\/div>\n\t\t\t\t<\/div>\n\t\t\t\t<div class=\"elementor-element elementor-element-3eef3ee0 elementor-widget__width-inherit elementor-widget elementor-widget-heading\" data-id=\"3eef3ee0\" data-element_type=\"widget\" data-e-type=\"widget\" data-widget_type=\"heading.default\">\n\t\t\t\t<div class=\"elementor-widget-container\">\n\t\t\t\t\t<h2 class=\"elementor-heading-title elementor-size-default\">SKAL DU S\u00c6LGE ELLER K\u00d8BE EN EJENDOM<\/h2>\t\t\t\t<\/div>\n\t\t\t\t<\/div>\n\t\t\t\t<div class=\"elementor-element elementor-element-2b954e23 elementor-widget__width-inherit elementor-widget elementor-widget-heading\" data-id=\"2b954e23\" data-element_type=\"widget\" data-e-type=\"widget\" data-widget_type=\"heading.default\">\n\t\t\t\t<div class=\"elementor-widget-container\">\n\t\t\t\t\t<span class=\"elementor-heading-title elementor-size-default\">P\u00c5 COSTA DEL SOL<\/span>\t\t\t\t<\/div>\n\t\t\t\t<\/div>\n\t\t\t\t<div class=\"elementor-element elementor-element-58653d14 metrisch elementor-widget-tablet__width-initial elementor-widget elementor-widget-text-editor\" data-id=\"58653d14\" data-element_type=\"widget\" data-e-type=\"widget\" data-widget_type=\"text-editor.default\">\n\t\t\t\t<div class=\"elementor-widget-container\">\n\t\t\t\t\t\t\t\t\t<p>Kontakt os i dag, og vi vil hj\u00e6lpe dig hele vejen.<\/p>\t\t\t\t\t\t\t\t<\/div>\n\t\t\t\t<\/div>\n\t\t\t\t<div class=\"elementor-element elementor-element-deb2496 elementor-button-align-end elementor-widget__width-initial metrisch elementor-widget elementor-widget-global elementor-global-1004 elementor-widget-form\" data-id=\"deb2496\" data-element_type=\"widget\" data-e-type=\"widget\" data-settings=\"{&quot;step_next_label&quot;:&quot;Next&quot;,&quot;step_previous_label&quot;:&quot;Previous&quot;,&quot;button_width&quot;:&quot;100&quot;,&quot;step_type&quot;:&quot;number_text&quot;,&quot;step_icon_shape&quot;:&quot;circle&quot;}\" data-no-translation=\"\" data-widget_type=\"form.default\">\n\t\t\t\t<div class=\"elementor-widget-container\">\n\t\t\t\t\t<style>.elementor-element-deb2496{display:none !important}<\/style>\t\t\t\t<\/div>\n\t\t\t\t<\/div>\n\t\t\t\t<div class=\"elementor-element elementor-element-913be65 elementor-button-align-end elementor-widget__width-initial metrisch elementor-widget elementor-widget-global elementor-global-1001 elementor-widget-form\" data-id=\"913be65\" data-element_type=\"widget\" data-e-type=\"widget\" data-settings=\"{&quot;step_next_label&quot;:&quot;Next&quot;,&quot;step_previous_label&quot;:&quot;Previous&quot;,&quot;button_width&quot;:&quot;100&quot;,&quot;step_type&quot;:&quot;number_text&quot;,&quot;step_icon_shape&quot;:&quot;circle&quot;}\" data-no-translation=\"\" data-widget_type=\"form.default\">\n\t\t\t\t<div class=\"elementor-widget-container\">\n\t\t\t\t\t\t\t<form class=\"elementor-form\" method=\"post\" id=\"contact_form_EN\" name=\"Contact form EN\" aria-label=\"Contact form EN\">\n\t\t\t<input type=\"hidden\" name=\"post_id\" value=\"306\"\/>\n\t\t\t<input type=\"hidden\" name=\"form_id\" value=\"913be65\"\/>\n\t\t\t<input type=\"hidden\" name=\"referer_title\" value=\"\" \/>\n\n\t\t\t\n\t\t\t<div class=\"elementor-form-fields-wrapper elementor-labels-\">\n\t\t\t\t\t\t\t\t<div class=\"elementor-field-type-text elementor-field-group elementor-column elementor-field-group-name elementor-col-100 elementor-field-required\">\n\t\t\t\t\t\t\t\t\t\t\t\t<label for=\"form-field-name\" class=\"elementor-field-label elementor-screen-only\">\n\t\t\t\t\t\t\t\tName*\t\t\t\t\t\t\t<\/label>\n\t\t\t\t\t\t\t\t\t\t\t\t\t\t<input size=\"1\" type=\"text\" name=\"form_fields[name]\" id=\"form-field-name\" class=\"elementor-field elementor-size-md  elementor-field-textual\" placeholder=\"Name*\" required=\"required\">\n\t\t\t\t\t\t\t\t\t\t\t<\/div>\n\t\t\t\t\t\t\t\t<div class=\"elementor-field-type-text elementor-field-group elementor-column elementor-field-group-field_e22bc47 elementor-col-100 elementor-field-required\">\n\t\t\t\t\t\t\t\t\t\t\t\t<label for=\"form-field-field_e22bc47\" class=\"elementor-field-label elementor-screen-only\">\n\t\t\t\t\t\t\t\tSurname*\t\t\t\t\t\t\t<\/label>\n\t\t\t\t\t\t\t\t\t\t\t\t\t\t<input size=\"1\" type=\"text\" name=\"form_fields[field_e22bc47]\" id=\"form-field-field_e22bc47\" class=\"elementor-field elementor-size-md  elementor-field-textual\" placeholder=\"Surname*\" required=\"required\">\n\t\t\t\t\t\t\t\t\t\t\t<\/div>\n\t\t\t\t\t\t\t\t<div class=\"elementor-field-type-email elementor-field-group elementor-column elementor-field-group-email elementor-col-100 elementor-field-required\">\n\t\t\t\t\t\t\t\t\t\t\t\t<label for=\"form-field-email\" class=\"elementor-field-label elementor-screen-only\">\n\t\t\t\t\t\t\t\tE-mail*\t\t\t\t\t\t\t<\/label>\n\t\t\t\t\t\t\t\t\t\t\t\t\t\t<input size=\"1\" type=\"email\" name=\"form_fields[email]\" id=\"form-field-email\" class=\"elementor-field elementor-size-md  elementor-field-textual\" placeholder=\"E-mail*\" required=\"required\">\n\t\t\t\t\t\t\t\t\t\t\t<\/div>\n\t\t\t\t\t\t\t\t<div class=\"elementor-field-type-tel elementor-field-group elementor-column elementor-field-group-field_bb73d74 elementor-col-100 elementor-field-required\">\n\t\t\t\t\t\t\t\t\t\t\t\t<label for=\"form-field-field_bb73d74\" class=\"elementor-field-label elementor-screen-only\">\n\t\t\t\t\t\t\t\tPhone*\t\t\t\t\t\t\t<\/label>\n\t\t\t\t\t\t\t\t<input size=\"1\" type=\"tel\" name=\"form_fields[field_bb73d74]\" id=\"form-field-field_bb73d74\" class=\"elementor-field elementor-size-md  elementor-field-textual\" placeholder=\"Phone*\" required=\"required\" pattern=\"[0-9()#&amp;+*-=.]+\" title=\"Only numbers and phone characters (#, -, *, etc) are accepted.\">\n\n\t\t\t\t\t\t<\/div>\n\t\t\t\t\t\t\t\t<div class=\"elementor-field-type-textarea elementor-field-group elementor-column elementor-field-group-message elementor-col-100\">\n\t\t\t\t\t\t\t\t\t\t\t\t<label for=\"form-field-message\" class=\"elementor-field-label elementor-screen-only\">\n\t\t\t\t\t\t\t\tMessage\t\t\t\t\t\t\t<\/label>\n\t\t\t\t\t\t<textarea class=\"elementor-field-textual elementor-field  elementor-size-md\" name=\"form_fields[message]\" id=\"form-field-message\" rows=\"4\" placeholder=\"Message\"><\/textarea>\t\t\t\t<\/div>\n\t\t\t\t\t\t\t\t<div class=\"elementor-field-type-html elementor-field-group elementor-column elementor-field-group-field_e8c4942 elementor-col-100\">\n\t\t\t\t\t<details>\n<summary>Information Clause<\/summary>\n<p>De conformidad con lo dispuesto en la normativa vigente de Protecci\u00f3n de datos, le informamos que los datos que nos facilite ser\u00e1n tratados por el responsable del tratamiento Birgitte Weber con la finalidad de atender y responder las solicitudes de contacto, peticiones de informaci\u00f3n y\/o consultas recibidas. La legitimaci\u00f3n del tratamiento se basa en el consentimiento del interesado. Sus datos no se comunicar\u00e1n a terceros salvo obligaci\u00f3n legal. Puede ejercitar los derechos de acceso, rectificaci\u00f3n, supresi\u00f3n, oposici\u00f3n, limitaci\u00f3n y portabilidad enviando un mail  <a href=\"mailto:birgitte@weberestates.com\">Birgitte@weberestates.com<\/a>. Puede consultar la informaci\u00f3n detallada en nuestra   <a href=\"\/persondatapolitik\/\" target=\"_blank\">POL\u00cdTICA DE PRIVACIDAD<\/a>.<\/p>\n<\/details>\t\t\t\t<\/div>\n\t\t\t\t\t\t\t\t<div class=\"elementor-field-type-acceptance elementor-field-group elementor-column elementor-field-group-field_12120ee elementor-col-100 elementor-field-required\">\n\t\t\t\t\t\t\t\t\t\t\t\t<label for=\"form-field-field_12120ee\" class=\"elementor-field-label elementor-screen-only\">\n\t\t\t\t\t\t\t\tPersondatapolitik\t\t\t\t\t\t\t<\/label>\n\t\t\t\t\t\t\t\t<div class=\"elementor-field-subgroup\">\n\t\t\t<span class=\"elementor-field-option\">\n\t\t\t\t<input type=\"checkbox\" name=\"form_fields[field_12120ee]\" id=\"form-field-field_12120ee\" class=\"elementor-field elementor-size-md  elementor-acceptance-field\" required=\"required\">\n\t\t\t\t<label for=\"form-field-field_12120ee\">I declare that I have read and accept  <a href=\"\/cookies-politik\/\">cookies<\/a> and <a href=\"\/persondatapolitik\/\">  privacy policy<\/a><\/label>\t\t\t<\/span>\n\t\t<\/div>\n\t\t\t\t\t\t<\/div>\n\t\t\t\t\t\t\t\t<div class=\"elementor-field-type-acceptance elementor-field-group elementor-column elementor-field-group-field_9e4c1d0 elementor-col-100\">\n\t\t\t\t\t\t\t\t\t\t\t\t<label for=\"form-field-field_9e4c1d0\" class=\"elementor-field-label elementor-screen-only\">\n\t\t\t\t\t\t\t\tTilbud\t\t\t\t\t\t\t<\/label>\n\t\t\t\t\t\t\t\t<div class=\"elementor-field-subgroup\">\n\t\t\t<span class=\"elementor-field-option\">\n\t\t\t\t<input type=\"checkbox\" name=\"form_fields[field_9e4c1d0]\" id=\"form-field-field_9e4c1d0\" class=\"elementor-field elementor-size-md  elementor-acceptance-field\">\n\t\t\t\t<label for=\"form-field-field_9e4c1d0\">I would like to receive occasional information from Weber Estates<\/label>\t\t\t<\/span>\n\t\t<\/div>\n\t\t\t\t\t\t<\/div>\n\t\t\t\t\t\t\t\t<div class=\"elementor-field-type-text\">\n\t\t\t\t\t<input size=\"1\" type=\"text\" name=\"form_fields[field_e73fdd0]\" id=\"form-field-field_e73fdd0\" class=\"elementor-field elementor-size-md \" style=\"display:none !important;\">\t\t\t\t<\/div>\n\t\t\t\t\t\t\t\t<div class=\"elementor-field-type-recaptcha elementor-field-group elementor-column elementor-field-group-field_70534a2 elementor-col-100\">\n\t\t\t\t\t<div class=\"elementor-field\" id=\"form-field-field_70534a2\"><div class=\"elementor-g-recaptcha\" data-sitekey=\"6LcOw3IpAAAAAI8I921FhQStVyKzGWR6pcx_Gs-w\" data-type=\"v2_checkbox\" data-theme=\"light\" data-size=\"normal\"><\/div><\/div>\t\t\t\t<\/div>\n\t\t\t\t\t\t\t\t<div class=\"elementor-field-group elementor-column elementor-field-type-submit elementor-col-100 e-form__buttons\">\n\t\t\t\t\t<button class=\"elementor-button elementor-size-sm\" type=\"submit\">\n\t\t\t\t\t\t<span class=\"elementor-button-content-wrapper\">\n\t\t\t\t\t\t\t\t\t\t\t\t\t\t\t\t\t\t\t\t\t\t<span class=\"elementor-button-text\">SEND<\/span>\n\t\t\t\t\t\t\t\t\t\t\t\t\t<\/span>\n\t\t\t\t\t<\/button>\n\t\t\t\t<\/div>\n\t\t\t<\/div>\n\t\t<\/form>\n\t\t\t\t\t\t<\/div>\n\t\t\t\t<\/div>\n\t\t\t\t\t<\/div>\n\t\t\t\t<\/div>\n\t\t<div class=\"elementor-element elementor-element-df3059a e-flex e-con-boxed e-con e-parent\" data-id=\"df3059a\" data-element_type=\"container\" data-e-type=\"container\">\n\t\t\t\t\t<div class=\"e-con-inner\">\n\t\t\t\t<div class=\"elementor-element elementor-element-b935233 elementor-widget elementor-widget-html\" data-id=\"b935233\" data-element_type=\"widget\" data-e-type=\"widget\" data-widget_type=\"html.default\">\n\t\t\t\t<div class=\"elementor-widget-container\">\n\t\t\t\t\t<script>\n document.addEventListener('DOMContentLoaded', function() {\n    const form = document.querySelector('.elementor-form'); \/\/ Adjust selector if necessary\n\n    if (form) {\n        form.addEventListener('submit', function(event) {\n            const fields = form.querySelectorAll('input, textarea'); \/\/ Target all input fields\n\n            let containsCyrillic = false;\n            const cyrillicPattern = \/[\u0410-\u042f\u0430-\u044f\u0401\u0451]\/;\n\n            \/\/ Check all fields for Cyrillic characters\n            fields.forEach(field => {\n                if (cyrillicPattern.test(field.value)) {\n                    containsCyrillic = true;\n                }\n            });\n\n            if (containsCyrillic) {\n                alert('Submission blocked.');\n                event.preventDefault(); \/\/ Prevent form submission\n            }\n        });\n    }\n});\n\n\ndocument.addEventListener('DOMContentLoaded', function() {\n    const form = document.querySelector('.elementor-form'); \/\/ Adjust the selector if necessary\n\n    if (form) {\n        form.addEventListener('submit', function(event) {\n            const inputs = form.querySelectorAll('input, textarea'); \/\/ Select all input and textarea fields\n\n            let containsBlockedName = false;\n\n            inputs.forEach(input => {\n                if (input.value.trim().toLowerCase() === 'robertcrilk') {\n                    containsBlockedName = true;\n                }\n            });\n\n            if (containsBlockedName) {\n                event.preventDefault(); \/\/ Stop the form submission\n                alert('Submission blocked: The name \"Robertcrilk\" is not allowed.');\n                return false; \/\/ Stop further processing\n            }\n        });\n    }\n});\n\n\n\n\n<\/script>\t\t\t\t<\/div>\n\t\t\t\t<\/div>\n\t\t\t\t\t<\/div>\n\t\t\t\t<\/div>\n\t\t\t\t<\/div>\n\t\t<\/div>\n\t\t\t\t\t\t<\/div>\n\t\t\t\t<\/div>\n\t\t\t\t<\/div>\n\t\t\t\t<\/div>\n\t\t","protected":false},"excerpt":{"rendered":"<p>WEBER ESTATES NYBYG P\u00c5 COSTA DEL SOL Weber Estates Projekt- og Nybyg sektionen giver dig adgang til en h\u00e5ndplukket samling af nybyggeri til salg i Malaga provinsen, p\u00e5 Costa del Sol. Vi tilbyder et udvalg af nybyggede villaer og lejligheder beliggende i nogle af de mest eftertragtede omr\u00e5der p\u00e5 Costa del Sol. Nogle af boligerne [&hellip;]<\/p>\n","protected":false},"author":2,"featured_media":0,"parent":0,"menu_order":0,"comment_status":"closed","ping_status":"closed","template":"elementor_header_footer","meta":{"_acf_changed":false,"content-type":"","footnotes":""},"class_list":["post-953","page","type-page","status-publish","hentry"],"acf":[],"_links":{"self":[{"href":"https:\/\/weberestates.com\/en\/wp-json\/wp\/v2\/pages\/953","targetHints":{"allow":["GET"]}}],"collection":[{"href":"https:\/\/weberestates.com\/en\/wp-json\/wp\/v2\/pages"}],"about":[{"href":"https:\/\/weberestates.com\/en\/wp-json\/wp\/v2\/types\/page"}],"author":[{"embeddable":true,"href":"https:\/\/weberestates.com\/en\/wp-json\/wp\/v2\/users\/2"}],"replies":[{"embeddable":true,"href":"https:\/\/weberestates.com\/en\/wp-json\/wp\/v2\/comments?post=953"}],"version-history":[{"count":34,"href":"https:\/\/weberestates.com\/en\/wp-json\/wp\/v2\/pages\/953\/revisions"}],"predecessor-version":[{"id":2304,"href":"https:\/\/weberestates.com\/en\/wp-json\/wp\/v2\/pages\/953\/revisions\/2304"}],"wp:attachment":[{"href":"https:\/\/weberestates.com\/en\/wp-json\/wp\/v2\/media?parent=953"}],"curies":[{"name":"wp","href":"https:\/\/api.w.org\/{rel}","templated":true}]}}