{"id":1180,"date":"2024-03-21T22:41:09","date_gmt":"2024-03-21T21:41:09","guid":{"rendered":"https:\/\/weberestates.com\/?page_id=1180"},"modified":"2026-04-27T10:41:26","modified_gmt":"2026-04-27T08:41:26","slug":"ferieboliger-til-salg-malaga","status":"publish","type":"page","link":"https:\/\/weberestates.com\/en\/ferieboliger-til-salg-malaga\/","title":{"rendered":"Denne m\u00e5neds udvalgte feriebolig til salg"},"content":{"rendered":"\t\t<div data-elementor-type=\"wp-page\" data-elementor-id=\"1180\" class=\"elementor elementor-1180\" data-elementor-post-type=\"page\">\n\t\t\t\t<div class=\"elementor-element elementor-element-c990976 e-flex e-con-boxed e-con e-parent\" data-id=\"c990976\" data-element_type=\"container\" data-e-type=\"container\">\n\t\t\t\t\t<div class=\"e-con-inner\">\n\t\t<div class=\"elementor-element elementor-element-5c2eda8 e-con-full e-flex e-con e-child\" data-id=\"5c2eda8\" data-element_type=\"container\" data-e-type=\"container\">\n\t\t\t\t<div class=\"elementor-element elementor-element-a025b08 metrisch elementor-widget-tablet__width-initial elementor-widget elementor-widget-text-editor\" data-id=\"a025b08\" data-element_type=\"widget\" data-e-type=\"widget\" data-widget_type=\"text-editor.default\">\n\t\t\t\t<div class=\"elementor-widget-container\">\n\t\t\t\t\t\t\t\t\t<p>FIND DIN DR\u00d8MMEBOLIG P\u00c5 COSTA DEL SOL. <br \/>DANSK EJENDOMSM\u00c6GLER &#8211; TILLID, TRYGHED OG \u00c6RLIGHED<\/p>\t\t\t\t\t\t\t\t<\/div>\n\t\t\t\t<\/div>\n\t\t\t\t<\/div>\n\t\t<div class=\"elementor-element elementor-element-4a5fefb e-con-full e-flex e-con e-child\" data-id=\"4a5fefb\" data-element_type=\"container\" data-e-type=\"container\">\n\t\t\t\t<div class=\"elementor-element elementor-element-2f11da2 elementor-widget elementor-widget-image\" data-id=\"2f11da2\" data-element_type=\"widget\" data-e-type=\"widget\" data-widget_type=\"image.default\">\n\t\t\t\t<div class=\"elementor-widget-container\">\n\t\t\t\t\t\t\t\t\t\t\t\t\t\t\t\t<a href=\"https:\/\/weberestates.com\/\">\n\t\t\t\t\t\t\t<img loading=\"lazy\" decoding=\"async\" width=\"1\" height=\"1\" src=\"https:\/\/weberestates.com\/wp-content\/uploads\/2023\/12\/Weber_Estates-logo_color.svg\" class=\"attachment-large size-large wp-image-333\" alt=\"Weber Estates horizontal logo - Weber Estates\" \/>\t\t\t\t\t\t\t\t<\/a>\n\t\t\t\t\t\t\t\t\t\t\t\t\t\t\t<\/div>\n\t\t\t\t<\/div>\n\t\t\t\t<\/div>\n\t\t<div class=\"elementor-element elementor-element-2971707 e-con-full e-flex e-con e-child\" data-id=\"2971707\" data-element_type=\"container\" data-e-type=\"container\">\n\t\t\t\t<div class=\"elementor-element elementor-element-83c7947 metrisch elementor-tablet-align-center elementor-widget elementor-widget-button\" data-id=\"83c7947\" data-element_type=\"widget\" data-e-type=\"widget\" data-widget_type=\"button.default\">\n\t\t\t\t<div class=\"elementor-widget-container\">\n\t\t\t\t\t\t\t\t\t<div class=\"elementor-button-wrapper\">\n\t\t\t\t\t<a class=\"elementor-button elementor-button-link elementor-size-sm\" href=\"tel:+4528918787\">\n\t\t\t\t\t\t<span class=\"elementor-button-content-wrapper\">\n\t\t\t\t\t\t<span class=\"elementor-button-icon\">\n\t\t\t\t<i aria-hidden=\"true\" class=\"fas fa-phone-alt\"><\/i>\t\t\t<\/span>\n\t\t\t\t\t\t\t\t\t<span class=\"elementor-button-text\">Ring til os nu<\/span>\n\t\t\t\t\t<\/span>\n\t\t\t\t\t<\/a>\n\t\t\t\t<\/div>\n\t\t\t\t\t\t\t\t<\/div>\n\t\t\t\t<\/div>\n\t\t\t\t<\/div>\n\t\t\t\t\t<\/div>\n\t\t\t\t<\/div>\n\t\t<div class=\"elementor-element elementor-element-4427e85 e-flex e-con-boxed elementor-invisible e-con e-parent\" data-id=\"4427e85\" data-element_type=\"container\" data-e-type=\"container\" data-settings=\"{&quot;animation&quot;:&quot;fadeIn&quot;}\">\n\t\t\t\t\t<div class=\"e-con-inner\">\n\t\t\t\t<div class=\"elementor-element elementor-element-524eb8e elementor-widget__width-inherit elementor-widget elementor-widget-heading\" data-id=\"524eb8e\" data-element_type=\"widget\" data-e-type=\"widget\" data-widget_type=\"heading.default\">\n\t\t\t\t<div class=\"elementor-widget-container\">\n\t\t\t\t\t<h1 class=\"elementor-heading-title elementor-size-default\">M\u00c5NEDENS BEDSTE UDVALGTE FERIEBOLIGER<\/h1>\t\t\t\t<\/div>\n\t\t\t\t<\/div>\n\t\t<div class=\"elementor-element elementor-element-5f0bc77 e-flex e-con-boxed e-con e-child\" data-id=\"5f0bc77\" data-element_type=\"container\" data-e-type=\"container\">\n\t\t\t\t\t<div class=\"e-con-inner\">\n\t\t<div class=\"elementor-element elementor-element-a621d92 e-con-full e-flex e-con e-child\" data-id=\"a621d92\" data-element_type=\"container\" data-e-type=\"container\">\n\t\t\t\t<div class=\"elementor-element elementor-element-a98c86d elementor-widget elementor-widget-image\" data-id=\"a98c86d\" data-element_type=\"widget\" data-e-type=\"widget\" data-widget_type=\"image.default\">\n\t\t\t\t<div class=\"elementor-widget-container\">\n\t\t\t\t\t\t\t\t\t\t\t\t\t\t\t<img loading=\"lazy\" decoding=\"async\" width=\"600\" height=\"514\" src=\"https:\/\/weberestates.com\/wp-content\/uploads\/2024\/03\/Birgitte.jpg\" class=\"attachment-full size-full wp-image-1260\" alt=\"Birgitte Weber - Weber Estates\" srcset=\"https:\/\/weberestates.com\/wp-content\/uploads\/2024\/03\/Birgitte.jpg 600w, https:\/\/weberestates.com\/wp-content\/uploads\/2024\/03\/Birgitte-300x257.jpg 300w, https:\/\/weberestates.com\/wp-content\/uploads\/2024\/03\/Birgitte-14x12.jpg 14w\" sizes=\"auto, (max-width: 600px) 100vw, 600px\" \/>\t\t\t\t\t\t\t\t\t\t\t\t\t\t\t<\/div>\n\t\t\t\t<\/div>\n\t\t\t\t<\/div>\n\t\t<div class=\"elementor-element elementor-element-ac74d57 e-con-full e-flex e-con e-child\" data-id=\"ac74d57\" data-element_type=\"container\" data-e-type=\"container\">\n\t\t\t\t<div class=\"elementor-element elementor-element-61f1445 elementor-widget__width-inherit elementor-widget elementor-widget-heading\" data-id=\"61f1445\" data-element_type=\"widget\" data-e-type=\"widget\" data-widget_type=\"heading.default\">\n\t\t\t\t<div class=\"elementor-widget-container\">\n\t\t\t\t\t<span class=\"elementor-heading-title elementor-size-default\">TIL SALG I MALAGA PROVINSEN P\u00c5 COSTA DEL SOL<\/span>\t\t\t\t<\/div>\n\t\t\t\t<\/div>\n\t\t\t\t<div class=\"elementor-element elementor-element-17673bc metrisch elementor-widget-tablet__width-initial elementor-widget elementor-widget-text-editor\" data-id=\"17673bc\" data-element_type=\"widget\" data-e-type=\"widget\" data-widget_type=\"text-editor.default\">\n\t\t\t\t<div class=\"elementor-widget-container\">\n\t\t\t\t\t\t\t\t\t<p>Her finder du m\u00e5nedens bedste ferieboliger til salg p\u00e5 Costa del Sol.<\/p><p>Hos Weber Estates garanterer vi en venlig, professionel og helt unik oplevelse, mens vi s\u00f8ger efter dit dr\u00f8mmehjem p\u00e5 Costa del Sol. Tillid, tryghed og \u00e6rlighed er n\u00f8gleord i den process.<\/p><p>Vi gl\u00e6der os til at m\u00f8de dig.<\/p>\t\t\t\t\t\t\t\t<\/div>\n\t\t\t\t<\/div>\n\t\t\t\t<\/div>\n\t\t\t\t\t<\/div>\n\t\t\t\t<\/div>\n\t\t\t\t\t<\/div>\n\t\t\t\t<\/div>\n\t\t<div class=\"elementor-element elementor-element-2d05e68 lp_props e-flex e-con-boxed elementor-invisible e-con e-parent\" data-id=\"2d05e68\" data-element_type=\"container\" data-e-type=\"container\" data-settings=\"{&quot;animation&quot;:&quot;fadeIn&quot;}\">\n\t\t\t\t\t<div class=\"e-con-inner\">\n\t\t\t\t<div class=\"elementor-element elementor-element-98a68f8 elementor-widget__width-inherit elementor-widget elementor-widget-shortcode\" data-id=\"98a68f8\" data-element_type=\"widget\" data-e-type=\"widget\" data-widget_type=\"shortcode.default\">\n\t\t\t\t<div class=\"elementor-widget-container\">\n\t\t\t\t\t\t\t<div class=\"elementor-shortcode\">[featured_properties]<\/div>\n\t\t\t\t\t\t<\/div>\n\t\t\t\t<\/div>\n\t\t\t\t<div class=\"elementor-element elementor-element-4dd3b9e elementor-align-left elementor-widget elementor-widget-button\" data-id=\"4dd3b9e\" data-element_type=\"widget\" data-e-type=\"widget\" data-widget_type=\"button.default\">\n\t\t\t\t<div class=\"elementor-widget-container\">\n\t\t\t\t\t\t\t\t\t<div class=\"elementor-button-wrapper\">\n\t\t\t\t\t<a class=\"elementor-button elementor-button-link elementor-size-sm\" href=\"#elementor-action%3Aaction%3Dpopup%3Aopen%26settings%3DeyJpZCI6IjEzMjkiLCJ0b2dnbGUiOmZhbHNlfQ%3D%3D\">\n\t\t\t\t\t\t<span class=\"elementor-button-content-wrapper\">\n\t\t\t\t\t\t\t\t\t<span class=\"elementor-button-text\">.<\/span>\n\t\t\t\t\t<\/span>\n\t\t\t\t\t<\/a>\n\t\t\t\t<\/div>\n\t\t\t\t\t\t\t\t<\/div>\n\t\t\t\t<\/div>\n\t\t\t\t\t<\/div>\n\t\t\t\t<\/div>\n\t\t<div class=\"elementor-element elementor-element-9d53c70 e-flex e-con-boxed e-con e-parent\" data-id=\"9d53c70\" data-element_type=\"container\" data-e-type=\"container\">\n\t\t\t\t\t<div class=\"e-con-inner\">\n\t\t\t\t<div class=\"elementor-element elementor-element-ce9856d metrisch elementor-align-center elementor-widget elementor-widget-button\" data-id=\"ce9856d\" data-element_type=\"widget\" data-e-type=\"widget\" data-widget_type=\"button.default\">\n\t\t\t\t<div class=\"elementor-widget-container\">\n\t\t\t\t\t\t\t\t\t<div class=\"elementor-button-wrapper\">\n\t\t\t\t\t<a class=\"elementor-button elementor-button-link elementor-size-sm\" href=\"https:\/\/weberestates.com\/boliger\/%20\">\n\t\t\t\t\t\t<span class=\"elementor-button-content-wrapper\">\n\t\t\t\t\t\t\t\t\t<span class=\"elementor-button-text\">Find Flere Boliger <\/span>\n\t\t\t\t\t<\/span>\n\t\t\t\t\t<\/a>\n\t\t\t\t<\/div>\n\t\t\t\t\t\t\t\t<\/div>\n\t\t\t\t<\/div>\n\t\t\t\t\t<\/div>\n\t\t\t\t<\/div>\n\t\t<div class=\"elementor-element elementor-element-3ffdce7 e-flex e-con-boxed elementor-invisible e-con e-parent\" data-id=\"3ffdce7\" data-element_type=\"container\" data-e-type=\"container\" data-settings=\"{&quot;animation&quot;:&quot;fadeIn&quot;,&quot;background_background&quot;:&quot;classic&quot;}\">\n\t\t\t\t\t<div class=\"e-con-inner\">\n\t\t\t\t<div class=\"elementor-element elementor-element-b38438c elementor-widget elementor-widget-image\" data-id=\"b38438c\" data-element_type=\"widget\" data-e-type=\"widget\" data-widget_type=\"image.default\">\n\t\t\t\t<div class=\"elementor-widget-container\">\n\t\t\t\t\t\t\t\t\t\t\t\t\t\t\t<img decoding=\"async\" src=\"https:\/\/weberestates.com\/wp-content\/uploads\/2023\/10\/logo_icon.svg\" class=\"attachment-full size-full wp-image-52\" alt=\"Weber Estates orange lodrette logo - Weber Estates\" \/>\t\t\t\t\t\t\t\t\t\t\t\t\t\t\t<\/div>\n\t\t\t\t<\/div>\n\t\t\t\t<div class=\"elementor-element elementor-element-ed50d6c elementor-widget__width-inherit elementor-widget elementor-widget-heading\" data-id=\"ed50d6c\" data-element_type=\"widget\" data-e-type=\"widget\" data-widget_type=\"heading.default\">\n\t\t\t\t<div class=\"elementor-widget-container\">\n\t\t\t\t\t<h2 class=\"elementor-heading-title elementor-size-default\">VIL DU K\u00d8BE EN BOLIG<\/h2>\t\t\t\t<\/div>\n\t\t\t\t<\/div>\n\t\t\t\t<div class=\"elementor-element elementor-element-cb28652 elementor-widget__width-inherit elementor-widget elementor-widget-heading\" data-id=\"cb28652\" data-element_type=\"widget\" data-e-type=\"widget\" data-widget_type=\"heading.default\">\n\t\t\t\t<div class=\"elementor-widget-container\">\n\t\t\t\t\t<span class=\"elementor-heading-title elementor-size-default\">P\u00c5 COSTA DEL SOL<\/span>\t\t\t\t<\/div>\n\t\t\t\t<\/div>\n\t\t\t\t<div class=\"elementor-element elementor-element-ecbb979 metrisch elementor-widget-tablet__width-initial elementor-widget elementor-widget-text-editor\" data-id=\"ecbb979\" data-element_type=\"widget\" data-e-type=\"widget\" data-widget_type=\"text-editor.default\">\n\t\t\t\t<div class=\"elementor-widget-container\">\n\t\t\t\t\t\t\t\t\t<p>Kontakt os i dag, og vi vil hj\u00e6lpe dig hele vejen.<\/p>\t\t\t\t\t\t\t\t<\/div>\n\t\t\t\t<\/div>\n\t\t\t\t<div class=\"elementor-element elementor-element-7c4bea3 elementor-button-align-end elementor-widget__width-initial metrisch elementor-widget elementor-widget-form\" data-id=\"7c4bea3\" data-element_type=\"widget\" data-e-type=\"widget\" data-settings=\"{&quot;step_next_label&quot;:&quot;Next&quot;,&quot;step_previous_label&quot;:&quot;Previous&quot;,&quot;button_width&quot;:&quot;100&quot;,&quot;step_type&quot;:&quot;number_text&quot;,&quot;step_icon_shape&quot;:&quot;circle&quot;}\" data-no-translation=\"\" data-widget_type=\"form.default\">\n\t\t\t\t<div class=\"elementor-widget-container\">\n\t\t\t\t\t<style>.elementor-element-7c4bea3{display:none !important}<\/style>\t\t\t\t<\/div>\n\t\t\t\t<\/div>\n\t\t\t\t<div class=\"elementor-element elementor-element-de9cbc9 metrisch elementor-widget elementor-widget-text-editor\" data-id=\"de9cbc9\" data-element_type=\"widget\" data-e-type=\"widget\" data-widget_type=\"text-editor.default\">\n\t\t\t\t<div class=\"elementor-widget-container\">\n\t\t\t\t\t\t\t\t\t<p>Copyright \u00a9 2026 Weber Estates \/ All rights reserved \/<a href=\"https:\/\/weberestates.com\/persondatapolitik\/\"> Privacy Policy<\/a><\/p>\t\t\t\t\t\t\t\t<\/div>\n\t\t\t\t<\/div>\n\t\t\t\t\t<\/div>\n\t\t\t\t<\/div>\n\t\t\t\t<\/div>\n\t\t","protected":false},"excerpt":{"rendered":"<p>FIND DIN DR\u00d8MMEBOLIG P\u00c5 COSTA DEL SOL. DANSK EJENDOMSM\u00c6GLER &#8211; TILLID, TRYGHED OG \u00c6RLIGHED Ring til os nu M\u00c5NEDENS BEDSTE UDVALGTE FERIEBOLIGER TIL SALG I MALAGA PROVINSEN P\u00c5 COSTA DEL SOL Her finder du m\u00e5nedens bedste ferieboliger til salg p\u00e5 Costa del Sol. Hos Weber Estates garanterer vi en venlig, professionel og helt unik oplevelse, [&hellip;]<\/p>\n","protected":false},"author":1,"featured_media":0,"parent":0,"menu_order":0,"comment_status":"closed","ping_status":"closed","template":"","meta":{"_acf_changed":false,"content-type":"","footnotes":""},"class_list":["post-1180","page","type-page","status-publish","hentry"],"acf":[],"_links":{"self":[{"href":"https:\/\/weberestates.com\/en\/wp-json\/wp\/v2\/pages\/1180","targetHints":{"allow":["GET"]}}],"collection":[{"href":"https:\/\/weberestates.com\/en\/wp-json\/wp\/v2\/pages"}],"about":[{"href":"https:\/\/weberestates.com\/en\/wp-json\/wp\/v2\/types\/page"}],"author":[{"embeddable":true,"href":"https:\/\/weberestates.com\/en\/wp-json\/wp\/v2\/users\/1"}],"replies":[{"embeddable":true,"href":"https:\/\/weberestates.com\/en\/wp-json\/wp\/v2\/comments?post=1180"}],"version-history":[{"count":377,"href":"https:\/\/weberestates.com\/en\/wp-json\/wp\/v2\/pages\/1180\/revisions"}],"predecessor-version":[{"id":3304,"href":"https:\/\/weberestates.com\/en\/wp-json\/wp\/v2\/pages\/1180\/revisions\/3304"}],"wp:attachment":[{"href":"https:\/\/weberestates.com\/en\/wp-json\/wp\/v2\/media?parent=1180"}],"curies":[{"name":"wp","href":"https:\/\/api.w.org\/{rel}","templated":true}]}}